{"id":20536,"date":"2024-01-11T09:23:04","date_gmt":"2024-01-11T08:23:04","guid":{"rendered":"https:\/\/assemblee.bi\/website\/?page_id=20536"},"modified":"2024-01-11T10:51:52","modified_gmt":"2024-01-11T09:51:52","slug":"calendrier","status":"publish","type":"page","link":"https:\/\/assemblee.bi\/?page_id=20536","title":{"rendered":"Calendrier"},"content":{"rendered":"\t\t<div data-elementor-type=\"wp-page\" data-elementor-id=\"20536\" class=\"elementor elementor-20536\" data-elementor-post-type=\"page\">\n\t\t\t\t\t\t<\/div>\n\t\t","protected":false},"excerpt":{"rendered":"<p>edit post Calendrier des seances Calendrier by admin11 janvier 2024 Lire plus 0 edit post Actualit\u00e9s Assembl\u00e9e Le Chemin de la Destin\u00e9e : R\u00e9flexion sur l\u2019Amour Divin by admin10 janvier [&hellip;]<\/p>\n","protected":false},"author":1,"featured_media":0,"parent":0,"menu_order":0,"comment_status":"closed","ping_status":"closed","template":"","meta":{"give_campaign_id":0,"inline_featured_image":false,"footnotes":""},"class_list":["post-20536","page","type-page","status-publish","hentry"],"campaignId":"","_links":{"self":[{"href":"https:\/\/assemblee.bi\/index.php?rest_route=\/wp\/v2\/pages\/20536","targetHints":{"allow":["GET"]}}],"collection":[{"href":"https:\/\/assemblee.bi\/index.php?rest_route=\/wp\/v2\/pages"}],"about":[{"href":"https:\/\/assemblee.bi\/index.php?rest_route=\/wp\/v2\/types\/page"}],"author":[{"embeddable":true,"href":"https:\/\/assemblee.bi\/index.php?rest_route=\/wp\/v2\/users\/1"}],"replies":[{"embeddable":true,"href":"https:\/\/assemblee.bi\/index.php?rest_route=%2Fwp%2Fv2%2Fcomments&post=20536"}],"version-history":[{"count":12,"href":"https:\/\/assemblee.bi\/index.php?rest_route=\/wp\/v2\/pages\/20536\/revisions"}],"predecessor-version":[{"id":20572,"href":"https:\/\/assemblee.bi\/index.php?rest_route=\/wp\/v2\/pages\/20536\/revisions\/20572"}],"wp:attachment":[{"href":"https:\/\/assemblee.bi\/index.php?rest_route=%2Fwp%2Fv2%2Fmedia&parent=20536"}],"curies":[{"name":"wp","href":"https:\/\/api.w.org\/{rel}","templated":true}]}}